{"id":654,"date":"2023-08-21T15:39:55","date_gmt":"2023-08-21T13:39:55","guid":{"rendered":"https:\/\/feketeszerkezet.hu\/?page_id=654"},"modified":"2024-08-08T14:33:48","modified_gmt":"2024-08-08T12:33:48","slug":"karrier-2","status":"publish","type":"page","link":"https:\/\/feketeszerkezet.hu\/hu\/karrier-2\/","title":{"rendered":"Karrier"},"content":{"rendered":"\n<p class=\"has-text-align-center\">Folyamatosan \u00e9p\u00edtj\u00fck csapatunkat alkalmazotti \u00e9s szerz\u0151d\u00e9ses jogviszonyban dolgoz\u00f3 munkat\u00e1rsakkal egyar\u00e1nt. <\/p>\n\n\n\n<p class=\"has-text-align-center\">Amennyiben felkeltett\u00fck \u00e9rdekl\u0151d\u00e9s\u00e9t, k\u00e9rj\u00fck k\u00fcldje el jelentkez\u00e9s\u00e9t \u00e9s \u00f6n\u00e9letrajz\u00e1t&nbsp;a <a href=\"mailto:%20 fekete.iroda@gmail.com\">fekete.iroda@gmail.com<\/a> c\u00edmre.<\/p>\n\n\n\n<h1 class=\"wp-block-heading\">Nyitott poz\u00edci\u00f3ink<\/h1>\n\n\n\n<div class=\"wp-block-group minicrm-form has-global-padding is-layout-constrained wp-block-group-is-layout-constrained\">\n<div class=\"wp-block-group has-global-padding is-layout-constrained wp-block-group-is-layout-constrained\">\n<div class=\"wp-block-group has-global-padding is-layout-constrained wp-block-group-is-layout-constrained\">\n<p class=\"has-text-align-center has-large-font-size\"><strong><mark style=\"background-color:rgba(0, 0, 0, 0);color:#fe0202\" class=\"has-inline-color\">TEKLA KONSTRUKT\u0150R <\/mark><\/strong><\/p>\n\n\n\n<p><strong><u>Feladatok:<\/u><\/strong><\/p>\n\n\n\n<ul class=\"wp-block-list\">\n<li>r\u00e9szv\u00e9tel els\u0151sorban hazai beruh\u00e1z\u00e1sokban<\/li>\n\n\n\n<li>tervezett \u00e9p\u00fcletek m\u0171szaki rajzainak (vasbeton- \u00e9s ac\u00e9lszerkezetek) k\u00e9sz\u00edt\u00e9se<\/li>\n\n\n\n<li>egy\u00fcttm\u0171k\u00f6d\u00e9s szak\u00e1gi tervez\u0151kkel \u00e9s koll\u00e9g\u00e1kkal<\/li>\n\n\n\n<li>tervek alapj\u00e1n m\u00e9ret- \u00e9s mennyis\u00e9gsz\u00e1m\u00edt\u00e1sok elk\u00e9sz\u00edt\u00e9se<\/li>\n\n\n\n<li>helysz\u00edni felm\u00e9r\u00e9sek elv\u00e9gz\u00e9se<\/li>\n<\/ul>\n\n\n\n<p><strong><u>Az ide\u00e1lis jel\u00f6lt:<\/u><\/strong><\/p>\n\n\n\n<ul class=\"wp-block-list\">\n<li>fels\u0151fok\u00fa szakir\u00e1ny\u00fa v\u00e9gzetts\u00e9g\u0171 (BSc szerkezet-\u00e9p\u00edt\u0151m\u00e9rn\u00f6k)<\/li>\n\n\n\n<li>Tekla Structures szoftver alapos ismerete<\/li>\n\n\n\n<li>ig\u00e9nye van a pontos munkav\u00e9gz\u00e9sre<\/li>\n\n\n\n<li>k\u00e9pes \u00e9s hajland\u00f3 a k\u00e9rd\u00e9seit feltenni<\/li>\n\n\n\n<li>mer hib\u00e1zni, \u00e9s az\u00e9rt felel\u0151ss\u00e9get v\u00e1llalni<\/li>\n\n\n\n<li>felismeri a feladatot, \u00e9s ak\u00e1r \u00f6n\u00e1ll\u00f3an, ak\u00e1r csapatban k\u00e9pes azt megoldani<\/li>\n<\/ul>\n\n\n\n<p><strong><u>El\u0151nyt jelent:<\/u><\/strong><\/p>\n\n\n\n<ul class=\"wp-block-list\">\n<li>tart\u00f3szerkezet tervez\u0151i jogosults\u00e1g<\/li>\n\n\n\n<li>Nemetschek Allplan felhaszn\u00e1l\u00f3i szint\u0171 ismerete<\/li>\n\n\n\n<li>angol\/n\u00e9met nyelvtud\u00e1s<\/li>\n<\/ul>\n\n\n\n<p><strong><u>Amit k\u00edn\u00e1lunk:<\/u><\/strong><\/p>\n\n\n\n<ul class=\"wp-block-list\">\n<li>folyamatos szakmai fejl\u0151d\u00e9s v\u00e1ltozatos feladatok v\u00e9gz\u00e9se k\u00f6zben<\/li>\n\n\n\n<li>nyugodt, tiszta, kiegyens\u00falyozott&nbsp; munkak\u00f6rnyezet<\/li>\n\n\n\n<li>kisz\u00e1m\u00edthat\u00f3 munkaid\u0151, \u00edgy munka ut\u00e1n marad id\u0151d a csal\u00e1dra<\/li>\n\n\n\n<li>aktu\u00e1lis szintnek megfelel\u0151, versenyk\u00e9pes fizet\u00e9s<\/li>\n<\/ul>\n\n\n\n<div class=\"wp-block-buttons is-content-justification-center is-layout-flex wp-container-core-buttons-is-layout-a89b3969 wp-block-buttons-is-layout-flex\">\n<div class=\"wp-block-button\"><a class=\"wp-block-button__link wp-element-button\" href=\"MAILTO: fekete.iroda@gmail.com\">JELENTKEZ\u00c9S<\/a><\/div>\n<\/div>\n<\/div>\n<\/div>\n\n\n\n<div class=\"wp-block-group has-global-padding is-layout-constrained wp-block-group-is-layout-constrained\">\n<p class=\"has-text-align-center has-large-font-size\"><strong><mark style=\"background-color:rgba(0, 0, 0, 0);color:#fe0202\" class=\"has-inline-color\">TART\u00d3SZERKEZETI TERVEZ\u0150  <\/mark><\/strong><\/p>\n\n\n\n<p><strong><u>Feladatok:<\/u><\/strong><\/p>\n\n\n\n<ul class=\"wp-block-list\">\n<li>r\u00e9szv\u00e9tel els\u0151sorban hazai beruh\u00e1z\u00e1sokban<\/li>\n\n\n\n<li>lak\u00f3\u00e9p\u00fcletek t\u00e1rsash\u00e1zak \u00e9s csarnokok statikus sz\u00e1m\u00edt\u00e1sainak, kapcsol\u00f3d\u00f3 dokument\u00e1ci\u00f3inak elk\u00e9sz\u00edt\u00e9se<\/li>\n\n\n\n<li>egy\u00fcttm\u0171k\u00f6d\u00e9s szak\u00e1gi tervez\u0151kkel \u00e9s koll\u00e9g\u00e1kkal<\/li>\n\n\n\n<li>m\u0171szaki rajzol\u00f3k ir\u00e1ny\u00edt\u00e1sa<\/li>\n<\/ul>\n\n\n\n<p><strong><u>Az ide\u00e1lis jel\u00f6lt:<\/u><\/strong><\/p>\n\n\n\n<ul class=\"wp-block-list\">\n<li>egyetemi v\u00e9gzetts\u00e9g\u0171 (MSc szerkezet-\u00e9p\u00edt\u0151m\u00e9rn\u00f6k)<\/li>\n\n\n\n<li>tart\u00f3szerkezeti tervez\u0151i jogosults\u00e1g (TT)<\/li>\n\n\n\n<li>legal\u00e1bb 5 \u00e9ves, ellen\u0151rizhet\u0151 referenci\u00e1kkal rendelkez\u0151 tervez\u0151i tapasztalat<\/li>\n\n\n\n<li>AXIS VM, Consteel, Nemetschek Allplan szoftverek alapos ismerete<\/li>\n\n\n\n<li>ig\u00e9nye van a pontos munkav\u00e9gz\u00e9sre<\/li>\n\n\n\n<li>felismeri a feladatot, \u00e9s ak\u00e1r \u00f6n\u00e1ll\u00f3an, ak\u00e1r csapatban k\u00e9pes azt megoldani<\/li>\n<\/ul>\n\n\n\n<p><strong><u>El\u0151nyt jelent:<\/u><\/strong><\/p>\n\n\n\n<ul class=\"wp-block-list\">\n<li>tart\u00f3szerkezet szak\u00e9rt\u0151i jogosults\u00e1g<\/li>\n\n\n\n<li>csoportvezet\u0151i tapasztalat<\/li>\n\n\n\n<li>angol\/n\u00e9met nyelvtud\u00e1s<\/li>\n\n\n\n<li>kivitelez\u00e9sben szerzett tapasztalat<\/li>\n<\/ul>\n\n\n\n<p><strong><u>Amit k\u00edn\u00e1lunk:<\/u><\/strong><\/p>\n\n\n\n<ul class=\"wp-block-list\">\n<li>folyamatos szakmai fejl\u0151d\u00e9s v\u00e1ltozatos feladatok v\u00e9gz\u00e9se k\u00f6zben<\/li>\n\n\n\n<li>nyugodt, tiszta, kiegyens\u00falyozott&nbsp; munkak\u00f6rnyezet<\/li>\n\n\n\n<li>kisz\u00e1m\u00edthat\u00f3 munkaid\u0151, \u00edgy munka ut\u00e1n marad id\u0151d a csal\u00e1dra<\/li>\n\n\n\n<li>aktu\u00e1lis szintnek megfelel\u0151, versenyk\u00e9pes fizet\u00e9s<\/li>\n<\/ul>\n\n\n\n<div class=\"wp-block-buttons is-content-justification-center is-layout-flex wp-container-core-buttons-is-layout-a89b3969 wp-block-buttons-is-layout-flex\">\n<div class=\"wp-block-button\"><a class=\"wp-block-button__link wp-element-button\" href=\"MAILTO: fekete.iroda@gmail.com\">JELENTKEZ\u00c9S<\/a><\/div>\n<\/div>\n<\/div>\n<\/div>\n","protected":false},"excerpt":{"rendered":"<p>Folyamatosan \u00e9p\u00edtj\u00fck csapatunkat alkalmazotti \u00e9s szerz\u0151d\u00e9ses jogviszonyban dolgoz\u00f3 munkat\u00e1rsakkal egyar\u00e1nt. Amennyiben felkeltett\u00fck \u00e9rdekl\u0151d\u00e9s\u00e9t, k\u00e9rj\u00fck k\u00fcldje el jelentkez\u00e9s\u00e9t \u00e9s \u00f6n\u00e9letrajz\u00e1t&nbsp;a fekete.iroda@gmail.com c\u00edmre. Nyitott poz\u00edci\u00f3ink TEKLA KONSTRUKT\u0150R Feladatok: Az ide\u00e1lis jel\u00f6lt: El\u0151nyt jelent: Amit k\u00edn\u00e1lunk: TART\u00d3SZERKEZETI TERVEZ\u0150 Feladatok: Az ide\u00e1lis jel\u00f6lt: El\u0151nyt jelent: Amit k\u00edn\u00e1lunk:<\/p>\n","protected":false},"author":1,"featured_media":0,"parent":0,"menu_order":0,"comment_status":"closed","ping_status":"closed","template":"","meta":{"_monsterinsights_skip_tracking":false,"_monsterinsights_sitenote_active":false,"_monsterinsights_sitenote_note":"","_monsterinsights_sitenote_category":0,"footnotes":""},"class_list":["post-654","page","type-page","status-publish","hentry"],"yoast_head":"<!-- This site is optimized with the Yoast SEO plugin v21.3 - https:\/\/yoast.com\/wordpress\/plugins\/seo\/ -->\n<title>Karrier &#187; Fekete Szerkezettervez\u0151 Kft.<\/title>\n<meta name=\"robots\" content=\"index, follow, max-snippet:-1, max-image-preview:large, max-video-preview:-1\" \/>\n<link rel=\"canonical\" href=\"https:\/\/feketeszerkezet.hu\/hu\/karrier-2\/\" \/>\n<meta property=\"og:locale\" content=\"hu_HU\" \/>\n<meta property=\"og:type\" content=\"article\" \/>\n<meta property=\"og:title\" content=\"Karrier &#187; Fekete Szerkezettervez\u0151 Kft.\" \/>\n<meta property=\"og:description\" content=\"Folyamatosan \u00e9p\u00edtj\u00fck csapatunkat alkalmazotti \u00e9s szerz\u0151d\u00e9ses jogviszonyban dolgoz\u00f3 munkat\u00e1rsakkal egyar\u00e1nt. Amennyiben felkeltett\u00fck \u00e9rdekl\u0151d\u00e9s\u00e9t, k\u00e9rj\u00fck k\u00fcldje el jelentkez\u00e9s\u00e9t \u00e9s \u00f6n\u00e9letrajz\u00e1t&nbsp;a fekete.iroda@gmail.com c\u00edmre. Nyitott poz\u00edci\u00f3ink TEKLA KONSTRUKT\u0150R Feladatok: Az ide\u00e1lis jel\u00f6lt: El\u0151nyt jelent: Amit k\u00edn\u00e1lunk: TART\u00d3SZERKEZETI TERVEZ\u0150 Feladatok: Az ide\u00e1lis jel\u00f6lt: El\u0151nyt jelent: Amit k\u00edn\u00e1lunk:\" \/>\n<meta property=\"og:url\" content=\"https:\/\/feketeszerkezet.hu\/hu\/karrier-2\/\" \/>\n<meta property=\"og:site_name\" content=\"Fekete Szerkezettervez\u0151 Kft.\" \/>\n<meta property=\"article:publisher\" content=\"https:\/\/www.facebook.com\/fekete.szerkezetepito\" \/>\n<meta property=\"article:modified_time\" content=\"2024-08-08T12:33:48+00:00\" \/>\n<meta name=\"twitter:card\" content=\"summary_large_image\" \/>\n<meta name=\"twitter:label1\" content=\"Becs\u00fclt olvas\u00e1si id\u0151\" \/>\n\t<meta name=\"twitter:data1\" content=\"2 perc\" \/>\n<script type=\"application\/ld+json\" class=\"yoast-schema-graph\">{\"@context\":\"https:\/\/schema.org\",\"@graph\":[{\"@type\":\"WebPage\",\"@id\":\"https:\/\/feketeszerkezet.hu\/karrier-2\/\",\"url\":\"https:\/\/feketeszerkezet.hu\/karrier-2\/\",\"name\":\"Karrier &#187; Fekete Szerkezettervez\u0151 Kft.\",\"isPartOf\":{\"@id\":\"https:\/\/feketeszerkezet.hu\/hu\/#website\"},\"datePublished\":\"2023-08-21T13:39:55+00:00\",\"dateModified\":\"2024-08-08T12:33:48+00:00\",\"breadcrumb\":{\"@id\":\"https:\/\/feketeszerkezet.hu\/karrier-2\/#breadcrumb\"},\"inLanguage\":\"hu\",\"potentialAction\":[{\"@type\":\"ReadAction\",\"target\":[\"https:\/\/feketeszerkezet.hu\/karrier-2\/\"]}]},{\"@type\":\"BreadcrumbList\",\"@id\":\"https:\/\/feketeszerkezet.hu\/karrier-2\/#breadcrumb\",\"itemListElement\":[{\"@type\":\"ListItem\",\"position\":1,\"name\":\"Kezd\u0151lap\",\"item\":\"https:\/\/feketeszerkezet.hu\/hu\/\"},{\"@type\":\"ListItem\",\"position\":2,\"name\":\"Karrier\"}]},{\"@type\":\"WebSite\",\"@id\":\"https:\/\/feketeszerkezet.hu\/hu\/#website\",\"url\":\"https:\/\/feketeszerkezet.hu\/hu\/\",\"name\":\"Fekete Szerkezettervez\u0151 Kft.\",\"description\":\"\",\"publisher\":{\"@id\":\"https:\/\/feketeszerkezet.hu\/hu\/#organization\"},\"potentialAction\":[{\"@type\":\"SearchAction\",\"target\":{\"@type\":\"EntryPoint\",\"urlTemplate\":\"https:\/\/feketeszerkezet.hu\/hu\/?s={search_term_string}\"},\"query-input\":\"required name=search_term_string\"}],\"inLanguage\":\"hu\"},{\"@type\":\"Organization\",\"@id\":\"https:\/\/feketeszerkezet.hu\/hu\/#organization\",\"name\":\"Fekete Szerkezettervez\u0151 Kft.\",\"url\":\"https:\/\/feketeszerkezet.hu\/hu\/\",\"logo\":{\"@type\":\"ImageObject\",\"inLanguage\":\"hu\",\"@id\":\"https:\/\/feketeszerkezet.hu\/hu\/#\/schema\/logo\/image\/\",\"url\":\"https:\/\/feketeszerkezet.hu\/wp-content\/uploads\/2023\/08\/favicon-90deg-300x300-1.png\",\"contentUrl\":\"https:\/\/feketeszerkezet.hu\/wp-content\/uploads\/2023\/08\/favicon-90deg-300x300-1.png\",\"width\":300,\"height\":300,\"caption\":\"Fekete Szerkezettervez\u0151 Kft.\"},\"image\":{\"@id\":\"https:\/\/feketeszerkezet.hu\/hu\/#\/schema\/logo\/image\/\"},\"sameAs\":[\"https:\/\/www.facebook.com\/fekete.szerkezetepito\",\"https:\/\/www.instagram.com\/fekete_szerkezettervezo\"]}]}<\/script>\n<!-- \/ Yoast SEO plugin. -->","yoast_head_json":{"title":"Karrier &#187; Fekete Szerkezettervez\u0151 Kft.","robots":{"index":"index","follow":"follow","max-snippet":"max-snippet:-1","max-image-preview":"max-image-preview:large","max-video-preview":"max-video-preview:-1"},"canonical":"https:\/\/feketeszerkezet.hu\/hu\/karrier-2\/","og_locale":"hu_HU","og_type":"article","og_title":"Karrier &#187; Fekete Szerkezettervez\u0151 Kft.","og_description":"Folyamatosan \u00e9p\u00edtj\u00fck csapatunkat alkalmazotti \u00e9s szerz\u0151d\u00e9ses jogviszonyban dolgoz\u00f3 munkat\u00e1rsakkal egyar\u00e1nt. Amennyiben felkeltett\u00fck \u00e9rdekl\u0151d\u00e9s\u00e9t, k\u00e9rj\u00fck k\u00fcldje el jelentkez\u00e9s\u00e9t \u00e9s \u00f6n\u00e9letrajz\u00e1t&nbsp;a fekete.iroda@gmail.com c\u00edmre. Nyitott poz\u00edci\u00f3ink TEKLA KONSTRUKT\u0150R Feladatok: Az ide\u00e1lis jel\u00f6lt: El\u0151nyt jelent: Amit k\u00edn\u00e1lunk: TART\u00d3SZERKEZETI TERVEZ\u0150 Feladatok: Az ide\u00e1lis jel\u00f6lt: El\u0151nyt jelent: Amit k\u00edn\u00e1lunk:","og_url":"https:\/\/feketeszerkezet.hu\/hu\/karrier-2\/","og_site_name":"Fekete Szerkezettervez\u0151 Kft.","article_publisher":"https:\/\/www.facebook.com\/fekete.szerkezetepito","article_modified_time":"2024-08-08T12:33:48+00:00","twitter_card":"summary_large_image","twitter_misc":{"Becs\u00fclt olvas\u00e1si id\u0151":"2 perc"},"schema":{"@context":"https:\/\/schema.org","@graph":[{"@type":"WebPage","@id":"https:\/\/feketeszerkezet.hu\/karrier-2\/","url":"https:\/\/feketeszerkezet.hu\/karrier-2\/","name":"Karrier &#187; Fekete Szerkezettervez\u0151 Kft.","isPartOf":{"@id":"https:\/\/feketeszerkezet.hu\/hu\/#website"},"datePublished":"2023-08-21T13:39:55+00:00","dateModified":"2024-08-08T12:33:48+00:00","breadcrumb":{"@id":"https:\/\/feketeszerkezet.hu\/karrier-2\/#breadcrumb"},"inLanguage":"hu","potentialAction":[{"@type":"ReadAction","target":["https:\/\/feketeszerkezet.hu\/karrier-2\/"]}]},{"@type":"BreadcrumbList","@id":"https:\/\/feketeszerkezet.hu\/karrier-2\/#breadcrumb","itemListElement":[{"@type":"ListItem","position":1,"name":"Kezd\u0151lap","item":"https:\/\/feketeszerkezet.hu\/hu\/"},{"@type":"ListItem","position":2,"name":"Karrier"}]},{"@type":"WebSite","@id":"https:\/\/feketeszerkezet.hu\/hu\/#website","url":"https:\/\/feketeszerkezet.hu\/hu\/","name":"Fekete Szerkezettervez\u0151 Kft.","description":"","publisher":{"@id":"https:\/\/feketeszerkezet.hu\/hu\/#organization"},"potentialAction":[{"@type":"SearchAction","target":{"@type":"EntryPoint","urlTemplate":"https:\/\/feketeszerkezet.hu\/hu\/?s={search_term_string}"},"query-input":"required name=search_term_string"}],"inLanguage":"hu"},{"@type":"Organization","@id":"https:\/\/feketeszerkezet.hu\/hu\/#organization","name":"Fekete Szerkezettervez\u0151 Kft.","url":"https:\/\/feketeszerkezet.hu\/hu\/","logo":{"@type":"ImageObject","inLanguage":"hu","@id":"https:\/\/feketeszerkezet.hu\/hu\/#\/schema\/logo\/image\/","url":"https:\/\/feketeszerkezet.hu\/wp-content\/uploads\/2023\/08\/favicon-90deg-300x300-1.png","contentUrl":"https:\/\/feketeszerkezet.hu\/wp-content\/uploads\/2023\/08\/favicon-90deg-300x300-1.png","width":300,"height":300,"caption":"Fekete Szerkezettervez\u0151 Kft."},"image":{"@id":"https:\/\/feketeszerkezet.hu\/hu\/#\/schema\/logo\/image\/"},"sameAs":["https:\/\/www.facebook.com\/fekete.szerkezetepito","https:\/\/www.instagram.com\/fekete_szerkezettervezo"]}]}},"_links":{"self":[{"href":"https:\/\/feketeszerkezet.hu\/hu\/wp-json\/wp\/v2\/pages\/654","targetHints":{"allow":["GET"]}}],"collection":[{"href":"https:\/\/feketeszerkezet.hu\/hu\/wp-json\/wp\/v2\/pages"}],"about":[{"href":"https:\/\/feketeszerkezet.hu\/hu\/wp-json\/wp\/v2\/types\/page"}],"author":[{"embeddable":true,"href":"https:\/\/feketeszerkezet.hu\/hu\/wp-json\/wp\/v2\/users\/1"}],"replies":[{"embeddable":true,"href":"https:\/\/feketeszerkezet.hu\/hu\/wp-json\/wp\/v2\/comments?post=654"}],"version-history":[{"count":18,"href":"https:\/\/feketeszerkezet.hu\/hu\/wp-json\/wp\/v2\/pages\/654\/revisions"}],"predecessor-version":[{"id":957,"href":"https:\/\/feketeszerkezet.hu\/hu\/wp-json\/wp\/v2\/pages\/654\/revisions\/957"}],"wp:attachment":[{"href":"https:\/\/feketeszerkezet.hu\/hu\/wp-json\/wp\/v2\/media?parent=654"}],"curies":[{"name":"wp","href":"https:\/\/api.w.org\/{rel}","templated":true}]}}