{"id":16,"date":"2023-07-21T18:15:06","date_gmt":"2023-07-21T16:15:06","guid":{"rendered":"https:\/\/feketeszerkezet.hu\/?page_id=16"},"modified":"2024-10-14T22:57:48","modified_gmt":"2024-10-14T20:57:48","slug":"rolunk","status":"publish","type":"page","link":"https:\/\/feketeszerkezet.hu\/de\/rolunk\/","title":{"rendered":"\u00dcber uns"},"content":{"rendered":"<div class=\"wp-block-group alignwide scroll-margin has-global-padding is-layout-constrained wp-container-core-group-is-layout-57d71a98 wp-block-group-is-layout-constrained\" id=\"kuldetesunk\" style=\"padding-top:0;padding-right:var(--wp--preset--spacing--30);padding-left:var(--wp--preset--spacing--30)\">\n<div class=\"wp-block-columns alignwide is-layout-flex wp-container-core-columns-is-layout-28f84493 wp-block-columns-is-layout-flex\">\n<div class=\"wp-block-column is-vertically-aligned-center is-layout-flow wp-block-column-is-layout-flow\" style=\"flex-basis:50%\">\n<div class=\"wp-block-group has-global-padding is-layout-constrained wp-block-group-is-layout-constrained\">\n<h5 class=\"wp-block-heading has-text-align-left has-vivid-red-color has-text-color\"><strong>UNSERE MISSION<\/strong><\/h5>\n\n\n\n<p class=\"text-justify has-background\" style=\"background-color:#ffffffc7;padding-top:0;padding-right:0;padding-bottom:0;padding-left:0\">Szellemi m\u0171hely\u00fcnk a Megb\u00edz\u00f3ink sz\u00e1m\u00e1ra gazdas\u00e1gosan \u00fczemeltethet\u0151, kompromisszumok n\u00e9lk\u00fcli, min\u0151s\u00e9gi \u00e9p\u00fcleteket ad \u00e1t. A biztons\u00e1got \u00e9s min\u0151s\u00e9get k\u00e9pviselj\u00fck a tervez\u00e9s, az el\u0151k\u00e9sz\u00edt\u00e9s \u00e9s az \u00e9p\u00edt\u00e9s ter\u00fclet\u00e9n egyar\u00e1nt. Hissz\u00fck, hogy az emberek meg\u00e9rdemlik a magas sz\u00ednvonalat \u00e9s a nyugalmat olyan \u00e9p\u00fcletekben, ahol \u00e9vek m\u00falt\u00e1n is boldogan \u00e9s el\u00e9gedetten \u00e9lhetnek \u00e9s dolgozhatnak.<\/p>\n<\/div>\n<\/div>\n\n\n\n<div class=\"wp-block-column is-vertically-aligned-center is-layout-flow wp-block-column-is-layout-flow\" style=\"flex-basis:50%\">\n<figure class=\"wp-block-image aligncenter size-large\"><img decoding=\"async\" width=\"1024\" height=\"679\" src=\"https:\/\/feketeszerkezet.hu\/wp-content\/uploads\/2023\/08\/371510649_313503901084463_8932191050180278899_n-1024x679.png\" alt=\"\" class=\"wp-image-801\" srcset=\"https:\/\/feketeszerkezet.hu\/wp-content\/uploads\/2023\/08\/371510649_313503901084463_8932191050180278899_n-1024x679.png 1024w, https:\/\/feketeszerkezet.hu\/wp-content\/uploads\/2023\/08\/371510649_313503901084463_8932191050180278899_n-300x199.png 300w, https:\/\/feketeszerkezet.hu\/wp-content\/uploads\/2023\/08\/371510649_313503901084463_8932191050180278899_n-768x509.png 768w, https:\/\/feketeszerkezet.hu\/wp-content\/uploads\/2023\/08\/371510649_313503901084463_8932191050180278899_n-18x12.png 18w, https:\/\/feketeszerkezet.hu\/wp-content\/uploads\/2023\/08\/371510649_313503901084463_8932191050180278899_n.png 1448w\" sizes=\"(max-width: 1024px) 100vw, 1024px\" \/><\/figure>\n<\/div>\n<\/div>\n<\/div>\n\n\n\n<div class=\"wp-block-group alignwide scroll-margin has-global-padding is-layout-constrained wp-container-core-group-is-layout-ff778368 wp-block-group-is-layout-constrained\" id=\"infrastruktura\" style=\"padding-right:var(--wp--preset--spacing--30);padding-left:var(--wp--preset--spacing--30)\">\n<hr class=\"wp-block-separator alignwide has-text-color has-contrast-color has-alpha-channel-opacity has-contrast-background-color has-background\"\/>\n\n\n\n<div class=\"wp-block-columns alignwide is-layout-flex wp-container-core-columns-is-layout-28f84493 wp-block-columns-is-layout-flex\">\n<div class=\"wp-block-column is-vertically-aligned-center is-layout-flow wp-block-column-is-layout-flow\" style=\"flex-basis:50%\">\n<figure class=\"wp-block-image aligncenter\"><img decoding=\"async\" width=\"1024\" height=\"494\" src=\"https:\/\/feketeszerkezet.hu\/wp-content\/uploads\/2023\/08\/Modell3-1024x494.jpg\" alt=\"\" class=\"wp-image-549\" srcset=\"https:\/\/feketeszerkezet.hu\/wp-content\/uploads\/2023\/08\/Modell3-1024x494.jpg 1024w, https:\/\/feketeszerkezet.hu\/wp-content\/uploads\/2023\/08\/Modell3-300x145.jpg 300w, https:\/\/feketeszerkezet.hu\/wp-content\/uploads\/2023\/08\/Modell3-768x370.jpg 768w, https:\/\/feketeszerkezet.hu\/wp-content\/uploads\/2023\/08\/Modell3-1536x740.jpg 1536w, https:\/\/feketeszerkezet.hu\/wp-content\/uploads\/2023\/08\/Modell3-18x9.jpg 18w, https:\/\/feketeszerkezet.hu\/wp-content\/uploads\/2023\/08\/Modell3.jpg 1884w\" sizes=\"(max-width: 1024px) 100vw, 1024px\" \/><\/figure>\n<\/div>\n\n\n\n<div class=\"wp-block-column is-vertically-aligned-center is-layout-flow wp-block-column-is-layout-flow\" style=\"flex-basis:50%\">\n<div class=\"wp-block-group has-global-padding is-layout-constrained wp-block-group-is-layout-constrained\">\n<h5 class=\"wp-block-heading alignfull has-text-align-left has-vivid-red-color has-text-color\"><strong>INFRASTRUKTUR<\/strong><\/h5>\n\n\n\n<p class=\"text-justify has-background\" style=\"background-color:#ffffffc7;padding-top:0;padding-right:0;padding-bottom:0;padding-left:0\">Bei unserer Arbeit verwenden wir die folgende Software:<\/p>\n\n\n\n<p><strong>Technische Zeichnung - BIM:<\/strong><\/p>\n\n\n\n<ul style=\"margin-top:1vh;margin-bottom:1vh\" class=\"wp-block-list\">\n<li>Nemetschek Allplan 2024<\/li>\n\n\n\n<li>Tekla Structures 2024<\/li>\n<\/ul>\n\n\n\n<p><strong>VEM-Software, Berechnungen:<\/strong><\/p>\n\n\n\n<ul style=\"margin-top:1vh;margin-bottom:1vh\" class=\"wp-block-list\">\n<li>AXIS VM X6<\/li>\n\n\n\n<li>Consteel 17<\/li>\n\n\n\n<li>IDEA StatiCa 23.0<\/li>\n\n\n\n<li>Geotechnisches Softwarepaket Geo 5<\/li>\n\n\n\n<li>PTC MathCAD Express<\/li>\n<\/ul>\n<\/div>\n<\/div>\n<\/div>\n<\/div>\n\n\n\n<div style=\"height:100px\" aria-hidden=\"true\" class=\"wp-block-spacer\"><\/div>","protected":false},"excerpt":{"rendered":"<p>K\u00dcLDET\u00c9S\u00dcNK Szellemi m\u0171hely\u00fcnk a Megb\u00edz\u00f3ink sz\u00e1m\u00e1ra gazdas\u00e1gosan \u00fczemeltethet\u0151, kompromisszumok n\u00e9lk\u00fcli, min\u0151s\u00e9gi \u00e9p\u00fcleteket ad \u00e1t. A biztons\u00e1got \u00e9s min\u0151s\u00e9get k\u00e9pviselj\u00fck a tervez\u00e9s, az el\u0151k\u00e9sz\u00edt\u00e9s \u00e9s az \u00e9p\u00edt\u00e9s ter\u00fclet\u00e9n egyar\u00e1nt. Hissz\u00fck, hogy az emberek meg\u00e9rdemlik a magas sz\u00ednvonalat \u00e9s a nyugalmat olyan \u00e9p\u00fcletekben, ahol \u00e9vek m\u00falt\u00e1n is boldogan \u00e9s el\u00e9gedetten \u00e9lhetnek \u00e9s dolgozhatnak. INFRASTRUKT\u00daRA Munk\u00e1nk sor\u00e1n a [&hellip;]<\/p>","protected":false},"author":1,"featured_media":0,"parent":0,"menu_order":0,"comment_status":"closed","ping_status":"closed","template":"","meta":{"_monsterinsights_skip_tracking":false,"_monsterinsights_sitenote_active":false,"_monsterinsights_sitenote_note":"","_monsterinsights_sitenote_category":0,"footnotes":""},"class_list":["post-16","page","type-page","status-publish","hentry"],"yoast_head":"<!-- This site is optimized with the Yoast SEO plugin v21.3 - https:\/\/yoast.com\/wordpress\/plugins\/seo\/ -->\n<title>R\u00f3lunk &#187; Fekete Szerkezettervez\u0151 Kft.<\/title>\n<meta name=\"robots\" content=\"index, follow, max-snippet:-1, max-image-preview:large, max-video-preview:-1\" \/>\n<link rel=\"canonical\" href=\"https:\/\/feketeszerkezet.hu\/de\/rolunk\/\" \/>\n<meta property=\"og:locale\" content=\"de_DE\" \/>\n<meta property=\"og:type\" content=\"article\" \/>\n<meta property=\"og:title\" content=\"R\u00f3lunk &#187; Fekete Szerkezettervez\u0151 Kft.\" \/>\n<meta property=\"og:description\" content=\"K\u00dcLDET\u00c9S\u00dcNK Szellemi m\u0171hely\u00fcnk a Megb\u00edz\u00f3ink sz\u00e1m\u00e1ra gazdas\u00e1gosan \u00fczemeltethet\u0151, kompromisszumok n\u00e9lk\u00fcli, min\u0151s\u00e9gi \u00e9p\u00fcleteket ad \u00e1t. A biztons\u00e1got \u00e9s min\u0151s\u00e9get k\u00e9pviselj\u00fck a tervez\u00e9s, az el\u0151k\u00e9sz\u00edt\u00e9s \u00e9s az \u00e9p\u00edt\u00e9s ter\u00fclet\u00e9n egyar\u00e1nt. Hissz\u00fck, hogy az emberek meg\u00e9rdemlik a magas sz\u00ednvonalat \u00e9s a nyugalmat olyan \u00e9p\u00fcletekben, ahol \u00e9vek m\u00falt\u00e1n is boldogan \u00e9s el\u00e9gedetten \u00e9lhetnek \u00e9s dolgozhatnak. INFRASTRUKT\u00daRA Munk\u00e1nk sor\u00e1n a [&hellip;]\" \/>\n<meta property=\"og:url\" content=\"https:\/\/feketeszerkezet.hu\/de\/rolunk\/\" \/>\n<meta property=\"og:site_name\" content=\"Fekete Szerkezettervez\u0151 Kft.\" \/>\n<meta property=\"article:publisher\" content=\"https:\/\/www.facebook.com\/fekete.szerkezetepito\" \/>\n<meta property=\"article:modified_time\" content=\"2024-10-14T20:57:48+00:00\" \/>\n<meta property=\"og:image\" content=\"https:\/\/feketeszerkezet.hu\/wp-content\/uploads\/2023\/08\/371510649_313503901084463_8932191050180278899_n-1024x679.png\" \/>\n<meta name=\"twitter:card\" content=\"summary_large_image\" \/>\n<meta name=\"twitter:label1\" content=\"Gesch\u00e4tzte Lesezeit\" \/>\n\t<meta name=\"twitter:data1\" content=\"1\u00a0Minute\" \/>\n<script type=\"application\/ld+json\" class=\"yoast-schema-graph\">{\"@context\":\"https:\/\/schema.org\",\"@graph\":[{\"@type\":\"WebPage\",\"@id\":\"https:\/\/feketeszerkezet.hu\/rolunk\/\",\"url\":\"https:\/\/feketeszerkezet.hu\/rolunk\/\",\"name\":\"R\u00f3lunk &#187; Fekete Szerkezettervez\u0151 Kft.\",\"isPartOf\":{\"@id\":\"https:\/\/feketeszerkezet.hu\/hu\/#website\"},\"datePublished\":\"2023-07-21T16:15:06+00:00\",\"dateModified\":\"2024-10-14T20:57:48+00:00\",\"breadcrumb\":{\"@id\":\"https:\/\/feketeszerkezet.hu\/rolunk\/#breadcrumb\"},\"inLanguage\":\"de\",\"potentialAction\":[{\"@type\":\"ReadAction\",\"target\":[\"https:\/\/feketeszerkezet.hu\/rolunk\/\"]}]},{\"@type\":\"BreadcrumbList\",\"@id\":\"https:\/\/feketeszerkezet.hu\/rolunk\/#breadcrumb\",\"itemListElement\":[{\"@type\":\"ListItem\",\"position\":1,\"name\":\"Kezd\u0151lap\",\"item\":\"https:\/\/feketeszerkezet.hu\/hu\/\"},{\"@type\":\"ListItem\",\"position\":2,\"name\":\"R\u00f3lunk\"}]},{\"@type\":\"WebSite\",\"@id\":\"https:\/\/feketeszerkezet.hu\/hu\/#website\",\"url\":\"https:\/\/feketeszerkezet.hu\/hu\/\",\"name\":\"Fekete Szerkezettervez\u0151 Kft.\",\"description\":\"\",\"publisher\":{\"@id\":\"https:\/\/feketeszerkezet.hu\/hu\/#organization\"},\"potentialAction\":[{\"@type\":\"SearchAction\",\"target\":{\"@type\":\"EntryPoint\",\"urlTemplate\":\"https:\/\/feketeszerkezet.hu\/hu\/?s={search_term_string}\"},\"query-input\":\"required name=search_term_string\"}],\"inLanguage\":\"de\"},{\"@type\":\"Organization\",\"@id\":\"https:\/\/feketeszerkezet.hu\/hu\/#organization\",\"name\":\"Fekete Szerkezettervez\u0151 Kft.\",\"url\":\"https:\/\/feketeszerkezet.hu\/hu\/\",\"logo\":{\"@type\":\"ImageObject\",\"inLanguage\":\"de\",\"@id\":\"https:\/\/feketeszerkezet.hu\/hu\/#\/schema\/logo\/image\/\",\"url\":\"https:\/\/feketeszerkezet.hu\/wp-content\/uploads\/2023\/08\/favicon-90deg-300x300-1.png\",\"contentUrl\":\"https:\/\/feketeszerkezet.hu\/wp-content\/uploads\/2023\/08\/favicon-90deg-300x300-1.png\",\"width\":300,\"height\":300,\"caption\":\"Fekete Szerkezettervez\u0151 Kft.\"},\"image\":{\"@id\":\"https:\/\/feketeszerkezet.hu\/hu\/#\/schema\/logo\/image\/\"},\"sameAs\":[\"https:\/\/www.facebook.com\/fekete.szerkezetepito\",\"https:\/\/www.instagram.com\/fekete_szerkezettervezo\"]}]}<\/script>\n<!-- \/ Yoast SEO plugin. -->","yoast_head_json":{"title":"R\u00f3lunk &#187; Fekete Szerkezettervez\u0151 Kft.","robots":{"index":"index","follow":"follow","max-snippet":"max-snippet:-1","max-image-preview":"max-image-preview:large","max-video-preview":"max-video-preview:-1"},"canonical":"https:\/\/feketeszerkezet.hu\/de\/rolunk\/","og_locale":"de_DE","og_type":"article","og_title":"R\u00f3lunk &#187; Fekete Szerkezettervez\u0151 Kft.","og_description":"K\u00dcLDET\u00c9S\u00dcNK Szellemi m\u0171hely\u00fcnk a Megb\u00edz\u00f3ink sz\u00e1m\u00e1ra gazdas\u00e1gosan \u00fczemeltethet\u0151, kompromisszumok n\u00e9lk\u00fcli, min\u0151s\u00e9gi \u00e9p\u00fcleteket ad \u00e1t. A biztons\u00e1got \u00e9s min\u0151s\u00e9get k\u00e9pviselj\u00fck a tervez\u00e9s, az el\u0151k\u00e9sz\u00edt\u00e9s \u00e9s az \u00e9p\u00edt\u00e9s ter\u00fclet\u00e9n egyar\u00e1nt. Hissz\u00fck, hogy az emberek meg\u00e9rdemlik a magas sz\u00ednvonalat \u00e9s a nyugalmat olyan \u00e9p\u00fcletekben, ahol \u00e9vek m\u00falt\u00e1n is boldogan \u00e9s el\u00e9gedetten \u00e9lhetnek \u00e9s dolgozhatnak. INFRASTRUKT\u00daRA Munk\u00e1nk sor\u00e1n a [&hellip;]","og_url":"https:\/\/feketeszerkezet.hu\/de\/rolunk\/","og_site_name":"Fekete Szerkezettervez\u0151 Kft.","article_publisher":"https:\/\/www.facebook.com\/fekete.szerkezetepito","article_modified_time":"2024-10-14T20:57:48+00:00","og_image":[{"url":"https:\/\/feketeszerkezet.hu\/wp-content\/uploads\/2023\/08\/371510649_313503901084463_8932191050180278899_n-1024x679.png"}],"twitter_card":"summary_large_image","twitter_misc":{"Gesch\u00e4tzte Lesezeit":"1\u00a0Minute"},"schema":{"@context":"https:\/\/schema.org","@graph":[{"@type":"WebPage","@id":"https:\/\/feketeszerkezet.hu\/rolunk\/","url":"https:\/\/feketeszerkezet.hu\/rolunk\/","name":"R\u00f3lunk &#187; Fekete Szerkezettervez\u0151 Kft.","isPartOf":{"@id":"https:\/\/feketeszerkezet.hu\/hu\/#website"},"datePublished":"2023-07-21T16:15:06+00:00","dateModified":"2024-10-14T20:57:48+00:00","breadcrumb":{"@id":"https:\/\/feketeszerkezet.hu\/rolunk\/#breadcrumb"},"inLanguage":"de","potentialAction":[{"@type":"ReadAction","target":["https:\/\/feketeszerkezet.hu\/rolunk\/"]}]},{"@type":"BreadcrumbList","@id":"https:\/\/feketeszerkezet.hu\/rolunk\/#breadcrumb","itemListElement":[{"@type":"ListItem","position":1,"name":"Kezd\u0151lap","item":"https:\/\/feketeszerkezet.hu\/hu\/"},{"@type":"ListItem","position":2,"name":"R\u00f3lunk"}]},{"@type":"WebSite","@id":"https:\/\/feketeszerkezet.hu\/hu\/#website","url":"https:\/\/feketeszerkezet.hu\/hu\/","name":"Fekete Szerkezettervez\u0151 Kft.","description":"","publisher":{"@id":"https:\/\/feketeszerkezet.hu\/hu\/#organization"},"potentialAction":[{"@type":"SearchAction","target":{"@type":"EntryPoint","urlTemplate":"https:\/\/feketeszerkezet.hu\/hu\/?s={search_term_string}"},"query-input":"required name=search_term_string"}],"inLanguage":"de"},{"@type":"Organization","@id":"https:\/\/feketeszerkezet.hu\/hu\/#organization","name":"Fekete Szerkezettervez\u0151 Kft.","url":"https:\/\/feketeszerkezet.hu\/hu\/","logo":{"@type":"ImageObject","inLanguage":"de","@id":"https:\/\/feketeszerkezet.hu\/hu\/#\/schema\/logo\/image\/","url":"https:\/\/feketeszerkezet.hu\/wp-content\/uploads\/2023\/08\/favicon-90deg-300x300-1.png","contentUrl":"https:\/\/feketeszerkezet.hu\/wp-content\/uploads\/2023\/08\/favicon-90deg-300x300-1.png","width":300,"height":300,"caption":"Fekete Szerkezettervez\u0151 Kft."},"image":{"@id":"https:\/\/feketeszerkezet.hu\/hu\/#\/schema\/logo\/image\/"},"sameAs":["https:\/\/www.facebook.com\/fekete.szerkezetepito","https:\/\/www.instagram.com\/fekete_szerkezettervezo"]}]}},"_links":{"self":[{"href":"https:\/\/feketeszerkezet.hu\/de\/wp-json\/wp\/v2\/pages\/16","targetHints":{"allow":["GET"]}}],"collection":[{"href":"https:\/\/feketeszerkezet.hu\/de\/wp-json\/wp\/v2\/pages"}],"about":[{"href":"https:\/\/feketeszerkezet.hu\/de\/wp-json\/wp\/v2\/types\/page"}],"author":[{"embeddable":true,"href":"https:\/\/feketeszerkezet.hu\/de\/wp-json\/wp\/v2\/users\/1"}],"replies":[{"embeddable":true,"href":"https:\/\/feketeszerkezet.hu\/de\/wp-json\/wp\/v2\/comments?post=16"}],"version-history":[{"count":33,"href":"https:\/\/feketeszerkezet.hu\/de\/wp-json\/wp\/v2\/pages\/16\/revisions"}],"predecessor-version":[{"id":960,"href":"https:\/\/feketeszerkezet.hu\/de\/wp-json\/wp\/v2\/pages\/16\/revisions\/960"}],"wp:attachment":[{"href":"https:\/\/feketeszerkezet.hu\/de\/wp-json\/wp\/v2\/media?parent=16"}],"curies":[{"name":"wp","href":"https:\/\/api.w.org\/{rel}","templated":true}]}}